{"id":364,"date":"2025-04-17T09:15:38","date_gmt":"2025-04-17T09:15:38","guid":{"rendered":"https:\/\/bauboxx.onlinemedia.rs\/nota-prawna\/"},"modified":"2025-07-17T08:33:06","modified_gmt":"2025-07-17T08:33:06","slug":"nota-prawna","status":"publish","type":"page","link":"https:\/\/www.bauboxx.com\/pl\/nota-prawna\/","title":{"rendered":"Nota prawna"},"content":{"rendered":"\t\t<div data-elementor-type=\"wp-page\" data-elementor-id=\"364\" class=\"elementor elementor-364 elementor-332\" data-elementor-post-type=\"page\">\n\t\t\t\t<div class=\"elementor-element elementor-element-6ab9fc36 e-flex e-con-boxed e-con e-parent\" data-id=\"6ab9fc36\" data-element_type=\"container\">\n\t\t\t\t\t<div class=\"e-con-inner\">\n\t\t\t\t<div class=\"elementor-element elementor-element-265580e0 elementor-widget elementor-widget-text-editor\" data-id=\"265580e0\" data-element_type=\"widget\" data-widget_type=\"text-editor.default\">\n\t\t\t\t<div class=\"elementor-widget-container\">\n\t\t\t\t\t\t\t\t\t<p><\/p>\n<p>Bauboxx GmbH<br><span data-teams=\"true\">Am Heumarkt 7\/7\/93<\/span><br>1030 Wiede\u0144, Austria<br>Dyrektorzy zarz\u0105dzaj\u0105cy: Christian Forsterleitner, Bernhard Prokop<br>Numer w rejestrze sp\u00f3\u0142ek: FN 623799 b<br>S\u0105d rejestrowy sp\u00f3\u0142ki: S\u0105d Gospodarczy w Wiedniu<br>\u200dUID ATU80553937<br>\u200dPrzedmiot dzia\u0142alno\u015bci: Handel towarami wszelkiego rodzaju<br>Izba: WKO<br>Kontakt: office@bauboxx.com<br>\u00a9 2024 Bauboxx GmbH. Wszelkie prawa zastrze\u017cone. <\/p>\n<p><\/p>\t\t\t\t\t\t\t\t<\/div>\n\t\t\t\t<\/div>\n\t\t\t\t\t<\/div>\n\t\t\t\t<\/div>\n\t\t\t\t<\/div>\n\t\t","protected":false},"excerpt":{"rendered":"<p>Bauboxx GmbHAm Heumarkt 7\/7\/931030 Wiede\u0144, AustriaDyrektorzy zarz\u0105dzaj\u0105cy: Christian Forsterleitner, Bernhard ProkopNumer w rejestrze sp\u00f3\u0142ek: FN 623799 bS\u0105d rejestrowy sp\u00f3\u0142ki: S\u0105d Gospodarczy w Wiedniu\u200dUID ATU80553937\u200dPrzedmiot dzia\u0142alno\u015bci: Handel towarami wszelkiego rodzajuIzba: WKOKontakt: office@bauboxx.com\u00a9 2024 Bauboxx GmbH. Wszelkie prawa zastrze\u017cone.<\/p>\n","protected":false},"author":3,"featured_media":0,"parent":0,"menu_order":0,"comment_status":"closed","ping_status":"closed","template":"","meta":{"_acf_changed":false,"footnotes":""},"class_list":["post-364","page","type-page","status-publish","hentry"],"acf":[],"_links":{"self":[{"href":"https:\/\/www.bauboxx.com\/pl\/wp-json\/wp\/v2\/pages\/364","targetHints":{"allow":["GET"]}}],"collection":[{"href":"https:\/\/www.bauboxx.com\/pl\/wp-json\/wp\/v2\/pages"}],"about":[{"href":"https:\/\/www.bauboxx.com\/pl\/wp-json\/wp\/v2\/types\/page"}],"author":[{"embeddable":true,"href":"https:\/\/www.bauboxx.com\/pl\/wp-json\/wp\/v2\/users\/3"}],"replies":[{"embeddable":true,"href":"https:\/\/www.bauboxx.com\/pl\/wp-json\/wp\/v2\/comments?post=364"}],"version-history":[{"count":2,"href":"https:\/\/www.bauboxx.com\/pl\/wp-json\/wp\/v2\/pages\/364\/revisions"}],"predecessor-version":[{"id":486,"href":"https:\/\/www.bauboxx.com\/pl\/wp-json\/wp\/v2\/pages\/364\/revisions\/486"}],"wp:attachment":[{"href":"https:\/\/www.bauboxx.com\/pl\/wp-json\/wp\/v2\/media?parent=364"}],"curies":[{"name":"wp","href":"https:\/\/api.w.org\/{rel}","templated":true}]}}